{"id":156,"date":"2023-03-24T10:07:52","date_gmt":"2023-03-24T10:07:52","guid":{"rendered":"http:\/\/chemineeaction.com\/?page_id=156"},"modified":"2023-03-28T19:59:51","modified_gmt":"2023-03-28T19:59:51","slug":"career","status":"publish","type":"page","link":"https:\/\/chemineeaction.com\/fr\/career\/","title":{"rendered":"Carri\u00e8re"},"content":{"rendered":"<div data-elementor-type=\"wp-page\" data-elementor-id=\"156\" class=\"elementor elementor-156\">\n\t\t\t\t\t\t<section class=\"elementor-section elementor-top-section elementor-element elementor-element-94b7b1f elementor-section-boxed elementor-section-height-default elementor-section-height-default\" data-id=\"94b7b1f\" data-element_type=\"section\" data-e-type=\"section\">\n\t\t\t\t\t\t<div class=\"elementor-container elementor-column-gap-no\">\n\t\t\t\t\t<div class=\"aux-parallax-section elementor-column elementor-col-33 elementor-top-column elementor-element elementor-element-f19409c\" data-id=\"f19409c\" data-element_type=\"column\" data-e-type=\"column\">\n\t\t\t<div class=\"elementor-widget-wrap elementor-element-populated\">\n\t\t\t\t\t\t<div class=\"elementor-element elementor-element-ce1e11f aux-appear-watch-animation aux-fade-in-up-1 elementor-widget elementor-widget-aux_modern_heading\" data-id=\"ce1e11f\" data-element_type=\"widget\" data-e-type=\"widget\" data-widget_type=\"aux_modern_heading.default\">\n\t\t\t\t<div class=\"elementor-widget-container\">\n\t\t\t\t\t<section class=\"aux-widget-modern-heading\">\n            <div class=\"aux-widget-inner\"><p class=\"aux-modern-heading-primary\"><\/p><h4 class=\"aux-modern-heading-secondary\"><span class=\"aux-head-before\">Transformer la vision en valeur,<br> faites-en partie...<\/span><\/h4><div class=\"aux-modern-heading-divider\"><\/div><div class=\"aux-modern-heading-description\"><p>Nos employ\u00e9s sont le c\u0153ur de tout ce que nous entreprenons. Le succ\u00e8s de chaque projet est d\u00e9termin\u00e9 par l'\u00e9quipe qui travail \u00e0 sa r\u00e9alisation. Nous croyons que pour atteindre nos objectifs, nous devons constamment engager, former et travailler \u00e0 garder les employ\u00e9s de haut calibre qui forme notre entreprise.<\/p><p>Que vous cherchiez un premier emploi comme apprenti, ou que vous souhait\u00e9 franchir une nouvelle \u00e9tape dans votre carri\u00e8re, nous pouvons vous offrir ce don vous avez besoin. Entant qu'employ\u00e9 de Chemin\u00e9e-Action Inc, vous serez encourag\u00e9 \u00e0 atteindre et surpasser vos objectifs professionnels dans un environnement positif et progressif qui comporte un programme de formation et de d\u00e9veloppement constant.<\/p><p>La majorit\u00e9 de nos activit\u00e9s de recrutement se centralise sur des personnes de m\u00e9tier, des ing\u00e9nieurs professionnels, des charg\u00e9s de projet et du personnel commercial. Notre entreprise accorde aussi une grande importance au employ\u00e9s de soutient en ressources humaines, finances et administrations, ces \u00e9quipes assurent que nos sites de travail sont bien support\u00e9s et que les projets se d\u00e9roulent efficacement.<\/p><\/div><\/div>\n        <\/section>\t\t\t\t<\/div>\n\t\t\t\t<\/div>\n\t\t\t\t\t<\/div>\n\t\t<\/div>\n\t\t\t\t<div class=\"aux-parallax-section elementor-column elementor-col-33 elementor-top-column elementor-element elementor-element-dbd58d7\" data-id=\"dbd58d7\" data-element_type=\"column\" data-e-type=\"column\">\n\t\t\t<div class=\"elementor-widget-wrap elementor-element-populated\">\n\t\t\t\t\t\t<div class=\"elementor-element elementor-element-9d21a8a elementor-widget elementor-widget-aux_image\" data-id=\"9d21a8a\" data-element_type=\"widget\" data-e-type=\"widget\" data-widget_type=\"aux_image.default\">\n\t\t\t\t<div class=\"elementor-widget-container\">\n\t\t\t\t\t<section class=\"widget-container aux-widget-image aux-alignnone aux-parent-au07d05299\">\n    <div class=\"aux-media-hint-frame\">\n        <div class=\"aux-media-image\" >\n        \n            \n\n            \n            <img fetchpriority=\"high\" decoding=\"async\" width=\"400\" height=\"521\" src=\"data:image\/gif;base64,R0lGODlhAQABAIAAAAAAAP\/\/\/yH5BAEAAAAALAAAAAABAAEAAAIBRAA7\" class=\"aux-attachment aux-featured-image aux-attachment-id-423 aux-preload aux-blank\" alt=\"team-min\" data-ratio=\"0.77\" data-original-w=\"400\" sizes=\"auto\" data-srcset=\"https:\/\/chemineeaction.com\/wp-content\/uploads\/2023\/03\/team-min-150x195.jpg 150w,https:\/\/chemineeaction.com\/wp-content\/uploads\/2023\/03\/team-min-300x391.jpg 300w,https:\/\/chemineeaction.com\/wp-content\/uploads\/2023\/03\/team-min.jpg 400w\" data-src=\"https:\/\/chemineeaction.com\/wp-content\/uploads\/2023\/03\/team-min.jpg\" \/>            \n                <\/div>\n    <\/div>\n\n<\/section><!-- widget-container -->\t\t\t\t<\/div>\n\t\t\t\t<\/div>\n\t\t\t\t\t<\/div>\n\t\t<\/div>\n\t\t\t\t<div class=\"aux-parallax-section elementor-column elementor-col-33 elementor-top-column elementor-element elementor-element-31efe83\" data-id=\"31efe83\" data-element_type=\"column\" data-e-type=\"column\">\n\t\t\t<div class=\"elementor-widget-wrap elementor-element-populated\">\n\t\t\t\t\t\t<div class=\"elementor-element elementor-element-1ceb6cc aux-appear-watch-animation aux-scale-down elementor-widget elementor-widget-aux_image\" data-id=\"1ceb6cc\" data-element_type=\"widget\" data-e-type=\"widget\" data-widget_type=\"aux_image.default\">\n\t\t\t\t<div class=\"elementor-widget-container\">\n\t\t\t\t\t<section class=\"widget-container aux-widget-image aux-alignnone aux-parent-au45701dc8\">\n    <div class=\"aux-media-hint-frame\">\n        <div class=\"aux-media-image\" >\n        \n            \n\n            \n            <img decoding=\"async\" width=\"400\" height=\"521\" src=\"data:image\/gif;base64,R0lGODlhAQABAIAAAAAAAP\/\/\/yH5BAEAAAAALAAAAAABAAEAAAIBRAA7\" class=\"aux-attachment aux-featured-image aux-attachment-id-424 aux-preload aux-blank\" alt=\"venti-min\" data-ratio=\"0.77\" data-original-w=\"400\" data-src=\"https:\/\/chemineeaction.com\/wp-content\/uploads\/2023\/03\/venti-min.jpg\" \/>            \n                <\/div>\n    <\/div>\n\n<\/section><!-- widget-container -->\t\t\t\t<\/div>\n\t\t\t\t<\/div>\n\t\t\t\t\t<\/div>\n\t\t<\/div>\n\t\t\t\t\t<\/div>\n\t\t<\/section>\n\t\t\t\t<\/div>","protected":false},"excerpt":{"rendered":"<p>Turning vision into value, Be part of it&#8230; Our people are at the heart of everything we do. The success of every project is determined by the team who work on and alongside it. As well as training and developing our existing workforce we believe the continual recruitment and retention of high calibre individuals will [&hellip;]<\/p>\n","protected":false},"author":1,"featured_media":0,"parent":0,"menu_order":0,"comment_status":"closed","ping_status":"closed","template":"templates\/page-builder-content.php","meta":{"footnotes":""},"class_list":["post-156","page","type-page","status-publish","hentry"],"_links":{"self":[{"href":"https:\/\/chemineeaction.com\/fr\/wp-json\/wp\/v2\/pages\/156","targetHints":{"allow":["GET"]}}],"collection":[{"href":"https:\/\/chemineeaction.com\/fr\/wp-json\/wp\/v2\/pages"}],"about":[{"href":"https:\/\/chemineeaction.com\/fr\/wp-json\/wp\/v2\/types\/page"}],"author":[{"embeddable":true,"href":"https:\/\/chemineeaction.com\/fr\/wp-json\/wp\/v2\/users\/1"}],"replies":[{"embeddable":true,"href":"https:\/\/chemineeaction.com\/fr\/wp-json\/wp\/v2\/comments?post=156"}],"version-history":[{"count":22,"href":"https:\/\/chemineeaction.com\/fr\/wp-json\/wp\/v2\/pages\/156\/revisions"}],"predecessor-version":[{"id":436,"href":"https:\/\/chemineeaction.com\/fr\/wp-json\/wp\/v2\/pages\/156\/revisions\/436"}],"wp:attachment":[{"href":"https:\/\/chemineeaction.com\/fr\/wp-json\/wp\/v2\/media?parent=156"}],"curies":[{"name":"wp","href":"https:\/\/api.w.org\/{rel}","templated":true}]}}